{"id":342,"date":"2020-10-03T16:40:10","date_gmt":"2020-10-03T15:40:10","guid":{"rendered":"https:\/\/hoteltodoblanco.com\/politica-de-cookies\/"},"modified":"2020-10-03T18:34:05","modified_gmt":"2020-10-03T17:34:05","slug":"politica-de-cookies","status":"publish","type":"page","link":"https:\/\/hoteltodoblanco.com\/es\/politica-de-cookies\/","title":{"rendered":"Pol\u00edtica de cookies"},"content":{"rendered":"\t\t<div data-elementor-type=\"wp-page\" data-elementor-id=\"342\" class=\"elementor elementor-342 elementor-328\">\n\t\t\t\t\t\t<section class=\"elementor-section elementor-top-section elementor-element elementor-element-7f43edd3 elementor-section-stretched elementor-section-boxed elementor-section-height-default elementor-section-height-default\" data-id=\"7f43edd3\" data-element_type=\"section\" data-settings=\"{&quot;stretch_section&quot;:&quot;section-stretched&quot;}\">\n\t\t\t\t\t\t<div class=\"elementor-container elementor-column-gap-default\">\n\t\t\t\t\t<div class=\"elementor-column elementor-col-100 elementor-top-column elementor-element elementor-element-ed57bd7\" data-id=\"ed57bd7\" data-element_type=\"column\">\n\t\t\t<div class=\"elementor-widget-wrap elementor-element-populated\">\n\t\t\t\t\t\t<div class=\"elementor-element elementor-element-71e384f elementor-widget elementor-widget-text-editor\" data-id=\"71e384f\" data-element_type=\"widget\" data-widget_type=\"text-editor.default\">\n\t\t\t\t<div class=\"elementor-widget-container\">\n\t\t\t\t\t\t\t<p><span>En cumplimiento de lo dispuesto en el art\u00edculo 22.2 de la Ley 34\/2002, de 11 de julio, de Servicios de la Sociedad de la Informaci\u00f3n y de Comercio Electr\u00f3nico, el Titular le informa que este sitio web utiliza cookies, as\u00ed como su pol\u00edtica de recogida y tratamiento de las mismas.<\/span><\/p>\n<h2><span>Qu\u00e9 son las cookies<\/span><\/h2>\n<p><span>Una cookie es un archivo que se descarga en su ordenador cuando ingresa determinadas p\u00e1ginas web. Las cookies permiten a una p\u00e1gina web, entre otras cosas, almacenar y recuperar informaci\u00f3n sobre sus h\u00e1bitos de navegaci\u00f3n y, dependiendo de la informaci\u00f3n que contengan y de la forma en que utilice su equipo, pueden utilizarse para identificarle.<\/span><\/p>\n<h2><span>Tipos de cookies utilizadas<\/span><\/h2>\n<p><span>El sitio web https:\/\/hoteltodoblanco.com <\/span> <span>utiliza los siguientes tipos de cookies:<\/span><\/p>\n<\/p>\n<ul>\n<li><b><span>Cookies de an\u00e1lisis:<\/span><\/b><span>  Son aquellas que, bien tratadas por el sitio web o por terceros, permiten cuantificar el n\u00famero de usuarios y as\u00ed realizar mediciones estad\u00edsticas y an\u00e1lisis del uso que hacen los usuarios del sitio web. Para ello, se analiza la navegaci\u00f3n que realices en este sitio web con el fin de mejorarla.<\/span><\/li>\n<li><b><span>Cookies t\u00e9cnicas:<\/span>\n<p><\/b> <span> Son a aquellas que son a las que se trata el sitio web y permiten a los usuarios registrados navegar por el \u00e1rea restringida y utilizar sus diferentes funciones, como, por ejemplo, llevar a cabo el proceso de compra de un Producto o Servicio.<\/span><br \/><span>Algunas cookies son esenciales para el funcionamiento del sitio web, por ejemplo, el sistema de comentarios o el motor de b\u00fasqueda.<\/span><\/li>\n<li><b><span>Cookies de personalizaci\u00f3n:<\/span><\/b><span>  Son a aquellas que permiten a los usuarios acceder al Servicio con algunas caracter\u00edsticas generales predefinidas en funci\u00f3n de una serie de criterios establecidos por el usuario, como el idioma o tipo de navegador a trav\u00e9s del cual el usuario se conecta. a este sitio web.<\/span><\/li>\n<li><b><span>Cookies publicitarias:<\/span><\/b><span>  Son aquellas que, bien tratadas por el sitio web o por terceros, permiten gestionar de la forma m\u00e1s eficiente la prestaci\u00f3n de espacios publicitarios en este sitio web, adaptando el contenido de los anuncios al contenido del servicio solicitado o al uso de este sitio web.<\/span><br \/><span>El Propietario o terceros pueden analizar sus h\u00e1bitos de navegaci\u00f3n en Internet y mostrarle publicidad relacionada con su perfil de navegaci\u00f3n.<\/span><\/li>\n<li><b><span>Cookies de publicidad comportamental:<\/span>\n<p><\/b> <span> Estos tipos de cookies almacenan informaci\u00f3n sobre el comportamiento del usuario \u2014obtenida a trav\u00e9s de la observaci\u00f3n continua de sus h\u00e1bitos de navegaci\u00f3n\u2014 que permite el desarrollo de un perfil espec\u00edfico para mostrar anuncios basados en el misma.<\/span><\/li>\n<\/ul>\n<h2><span>Desactivar cookies<\/span><\/h2>\n<p><span>Puede aceptar, bloquear o eliminar las cookies instaladas en su ordenador mediante la configuraci\u00f3n de las opciones de su navegador.<\/span><\/p>\n<p><span>En los siguientes enlaces encontrar\u00e1 instrucciones para activar o desactivar las cookies en los navegadores m\u00e1s comunes.<\/span><\/p>\n<\/p>\n<ul>\n<li><b><span>Firefox <\/span>\n<p><\/b> <a href=\"http:\/\/support.mozilla.org\/es\/kb\/habilitar-y-deshabilitar-cookies-que-los-sitios-we\" target=\"_blank\" rel=\"nofollow noopener\"> <span>http:\/\/support.mozilla.org\/es\/kb\/habilitar-y-deshabilitar-cookies-que-los-sitios-we<\/span><\/p>\n<p><\/a><\/li>\n<li><b>Safari<\/b> <a href=\"http:\/\/support.apple.com\/kb\/HT1677?viewlocale=es_ES\" target=\"_blank\" rel=\"nofollow noopener\">http:\/\/support.apple.com\/kb\/HT1677?viewlocale=es_ES<\/a><\/li>\n<li><b>Google Chrome<\/b> <a href=\"https:\/\/support.google.com\/chrome\/answer\/95647?hl=es\" target=\"_blank\" rel=\"nofollow noopener\">https:\/\/support.google.com\/chrome\/answer\/95647?hl=es<\/a><\/li>\n<\/ul>\n<h2><span>Cookies de terceros<\/span><\/h2>\n<p><span>Este sitio web utiliza los servicios de DoubleClick que pueden instalar cookies para recopilar informaci\u00f3n con fines estad\u00edsticos y de uso del sitio web. Las cookies instaladas le permiten mejorar la publicidad que encuentra en el sitio web mostr\u00e1ndole publicidad seg\u00fan el contenido que sea relevante para usted, mejorando as\u00ed su percepci\u00f3n de la calidad del sitio web.<\/span><\/p>\n<p><span>El sitio web utiliza los servicios de Google Adsense y Google Analytics que pueden instalar cookies que se utilizan para obtener estad\u00edsticas y datos publicitarios.<\/span><\/p>\n<p><span>El sitio web incluye otras funcionalidades proporcionadas por las redes sociales que pueden instalar cookies. Puedes compartir el contenido de tus redes sociales como Facebook, Twitter, Google +, Instagram o YouTube con los botones incluidos para este fin o con las herramientas de intercambio de redes sociales.<\/span><\/p>\n<h2><span>Advertencia sobre la eliminaci\u00f3n de cookies<\/span><\/h2>\n<p><span>Puede eliminar y bloquear las cookies de este sitio web, pero parte del sitio no funcionar\u00e1 correctamente o su calidad puede verse afectada.<\/span><\/p>\n<h2><span>Contacto<\/span><\/h2>\n<p><span>En caso de que tenga alguna pregunta sobre esta Pol\u00edtica de Cookies o quiera hacer alg\u00fan comentario sobre este sitio web, puede enviar un correo electr\u00f3nico a la direcci\u00f3n hoteltodoblanco@gmail.com<\/span><\/p>\n\t\t\t\t\t\t<\/div>\n\t\t\t\t<\/div>\n\t\t\t\t\t<\/div>\n\t\t<\/div>\n\t\t\t\t\t<\/div>\n\t\t<\/section>\n\t\t\t\t<\/div>\n\t\t","protected":false},"excerpt":{"rendered":"<p>En cumplimiento de lo dispuesto en el art\u00edculo 22.2 de la Ley 34\/2002, de 11 de julio, de Servicios de la Sociedad de la Informaci\u00f3n y de Comercio Electr\u00f3nico, el Titular le informa que este sitio web utiliza cookies, as\u00ed como su pol\u00edtica de recogida y tratamiento de las mismas. Qu\u00e9 son las cookies Una [&hellip;]<\/p>\n","protected":false},"author":1,"featured_media":0,"parent":0,"menu_order":0,"comment_status":"closed","ping_status":"closed","template":"","meta":{"footnotes":""},"class_list":["post-342","page","type-page","status-publish","hentry"],"yoast_head":"<!-- This site is optimized with the Yoast SEO plugin v23.8 - https:\/\/yoast.com\/wordpress\/plugins\/seo\/ -->\n<title>Pol\u00edtica de cookies - Hotel TODOBLANCO<\/title>\n<meta name=\"robots\" content=\"noindex, nofollow\" \/>\n<meta property=\"og:locale\" content=\"es_ES\" \/>\n<meta property=\"og:type\" content=\"article\" \/>\n<meta property=\"og:title\" content=\"Pol\u00edtica de cookies - Hotel TODOBLANCO\" \/>\n<meta property=\"og:description\" content=\"En cumplimiento de lo dispuesto en el art\u00edculo 22.2 de la Ley 34\/2002, de 11 de julio, de Servicios de la Sociedad de la Informaci\u00f3n y de Comercio Electr\u00f3nico, el Titular le informa que este sitio web utiliza cookies, as\u00ed como su pol\u00edtica de recogida y tratamiento de las mismas. Qu\u00e9 son las cookies Una [&hellip;]\" \/>\n<meta property=\"og:url\" content=\"https:\/\/hoteltodoblanco.com\/es\/politica-de-cookies\/\" \/>\n<meta property=\"og:site_name\" content=\"Hotel TODOBLANCO\" \/>\n<meta property=\"article:modified_time\" content=\"2020-10-03T17:34:05+00:00\" \/>\n<meta name=\"twitter:card\" content=\"summary_large_image\" \/>\n<meta name=\"twitter:label1\" content=\"Tiempo de lectura\" \/>\n\t<meta name=\"twitter:data1\" content=\"4 minutos\" \/>\n<script type=\"application\/ld+json\" class=\"yoast-schema-graph\">{\"@context\":\"https:\/\/schema.org\",\"@graph\":[{\"@type\":\"WebPage\",\"@id\":\"https:\/\/hoteltodoblanco.com\/es\/politica-de-cookies\/\",\"url\":\"https:\/\/hoteltodoblanco.com\/es\/politica-de-cookies\/\",\"name\":\"Pol\u00edtica de cookies - Hotel TODOBLANCO\",\"isPartOf\":{\"@id\":\"https:\/\/hoteltodoblanco.com\/es\/#website\"},\"datePublished\":\"2020-10-03T15:40:10+00:00\",\"dateModified\":\"2020-10-03T17:34:05+00:00\",\"breadcrumb\":{\"@id\":\"https:\/\/hoteltodoblanco.com\/es\/politica-de-cookies\/#breadcrumb\"},\"inLanguage\":\"es\",\"potentialAction\":[{\"@type\":\"ReadAction\",\"target\":[\"https:\/\/hoteltodoblanco.com\/es\/politica-de-cookies\/\"]}]},{\"@type\":\"BreadcrumbList\",\"@id\":\"https:\/\/hoteltodoblanco.com\/es\/politica-de-cookies\/#breadcrumb\",\"itemListElement\":[{\"@type\":\"ListItem\",\"position\":1,\"name\":\"Home\",\"item\":\"https:\/\/hoteltodoblanco.com\/es\/\"},{\"@type\":\"ListItem\",\"position\":2,\"name\":\"Pol\u00edtica de cookies\"}]},{\"@type\":\"WebSite\",\"@id\":\"https:\/\/hoteltodoblanco.com\/es\/#website\",\"url\":\"https:\/\/hoteltodoblanco.com\/es\/\",\"name\":\"Hotel TODOBLANCO\",\"description\":\"Just another WordPress site\",\"potentialAction\":[{\"@type\":\"SearchAction\",\"target\":{\"@type\":\"EntryPoint\",\"urlTemplate\":\"https:\/\/hoteltodoblanco.com\/es\/?s={search_term_string}\"},\"query-input\":{\"@type\":\"PropertyValueSpecification\",\"valueRequired\":true,\"valueName\":\"search_term_string\"}}],\"inLanguage\":\"es\"}]}<\/script>\n<!-- \/ Yoast SEO plugin. -->","yoast_head_json":{"title":"Pol\u00edtica de cookies - Hotel TODOBLANCO","robots":{"index":"noindex","follow":"nofollow"},"og_locale":"es_ES","og_type":"article","og_title":"Pol\u00edtica de cookies - Hotel TODOBLANCO","og_description":"En cumplimiento de lo dispuesto en el art\u00edculo 22.2 de la Ley 34\/2002, de 11 de julio, de Servicios de la Sociedad de la Informaci\u00f3n y de Comercio Electr\u00f3nico, el Titular le informa que este sitio web utiliza cookies, as\u00ed como su pol\u00edtica de recogida y tratamiento de las mismas. Qu\u00e9 son las cookies Una [&hellip;]","og_url":"https:\/\/hoteltodoblanco.com\/es\/politica-de-cookies\/","og_site_name":"Hotel TODOBLANCO","article_modified_time":"2020-10-03T17:34:05+00:00","twitter_card":"summary_large_image","twitter_misc":{"Tiempo de lectura":"4 minutos"},"schema":{"@context":"https:\/\/schema.org","@graph":[{"@type":"WebPage","@id":"https:\/\/hoteltodoblanco.com\/es\/politica-de-cookies\/","url":"https:\/\/hoteltodoblanco.com\/es\/politica-de-cookies\/","name":"Pol\u00edtica de cookies - Hotel TODOBLANCO","isPartOf":{"@id":"https:\/\/hoteltodoblanco.com\/es\/#website"},"datePublished":"2020-10-03T15:40:10+00:00","dateModified":"2020-10-03T17:34:05+00:00","breadcrumb":{"@id":"https:\/\/hoteltodoblanco.com\/es\/politica-de-cookies\/#breadcrumb"},"inLanguage":"es","potentialAction":[{"@type":"ReadAction","target":["https:\/\/hoteltodoblanco.com\/es\/politica-de-cookies\/"]}]},{"@type":"BreadcrumbList","@id":"https:\/\/hoteltodoblanco.com\/es\/politica-de-cookies\/#breadcrumb","itemListElement":[{"@type":"ListItem","position":1,"name":"Home","item":"https:\/\/hoteltodoblanco.com\/es\/"},{"@type":"ListItem","position":2,"name":"Pol\u00edtica de cookies"}]},{"@type":"WebSite","@id":"https:\/\/hoteltodoblanco.com\/es\/#website","url":"https:\/\/hoteltodoblanco.com\/es\/","name":"Hotel TODOBLANCO","description":"Just another WordPress site","potentialAction":[{"@type":"SearchAction","target":{"@type":"EntryPoint","urlTemplate":"https:\/\/hoteltodoblanco.com\/es\/?s={search_term_string}"},"query-input":{"@type":"PropertyValueSpecification","valueRequired":true,"valueName":"search_term_string"}}],"inLanguage":"es"}]}},"_links":{"self":[{"href":"https:\/\/hoteltodoblanco.com\/es\/wp-json\/wp\/v2\/pages\/342","targetHints":{"allow":["GET"]}}],"collection":[{"href":"https:\/\/hoteltodoblanco.com\/es\/wp-json\/wp\/v2\/pages"}],"about":[{"href":"https:\/\/hoteltodoblanco.com\/es\/wp-json\/wp\/v2\/types\/page"}],"author":[{"embeddable":true,"href":"https:\/\/hoteltodoblanco.com\/es\/wp-json\/wp\/v2\/users\/1"}],"replies":[{"embeddable":true,"href":"https:\/\/hoteltodoblanco.com\/es\/wp-json\/wp\/v2\/comments?post=342"}],"version-history":[{"count":0,"href":"https:\/\/hoteltodoblanco.com\/es\/wp-json\/wp\/v2\/pages\/342\/revisions"}],"wp:attachment":[{"href":"https:\/\/hoteltodoblanco.com\/es\/wp-json\/wp\/v2\/media?parent=342"}],"curies":[{"name":"wp","href":"https:\/\/api.w.org\/{rel}","templated":true}]}}