{"id":337,"date":"2020-10-03T16:39:04","date_gmt":"2020-10-03T15:39:04","guid":{"rendered":"https:\/\/hoteltodoblanco.com\/terminos-y-condiciones-2\/"},"modified":"2020-10-03T18:35:42","modified_gmt":"2020-10-03T17:35:42","slug":"terminos-y-condiciones-2","status":"publish","type":"page","link":"https:\/\/hoteltodoblanco.com\/es\/terminos-y-condiciones-2\/","title":{"rendered":"T\u00e9rminos y condiciones"},"content":{"rendered":"\t\t<div data-elementor-type=\"wp-page\" data-elementor-id=\"337\" class=\"elementor elementor-337 elementor-309\">\n\t\t\t\t\t\t<section class=\"elementor-section elementor-top-section elementor-element elementor-element-967389b elementor-section-stretched elementor-section-boxed elementor-section-height-default elementor-section-height-default\" data-id=\"967389b\" data-element_type=\"section\" data-settings=\"{&quot;stretch_section&quot;:&quot;section-stretched&quot;}\">\n\t\t\t\t\t\t<div class=\"elementor-container elementor-column-gap-default\">\n\t\t\t\t\t<div class=\"elementor-column elementor-col-100 elementor-top-column elementor-element elementor-element-e0fd9a4\" data-id=\"e0fd9a4\" data-element_type=\"column\">\n\t\t\t<div class=\"elementor-widget-wrap elementor-element-populated\">\n\t\t\t\t\t\t<div class=\"elementor-element elementor-element-7eb7c34 elementor-widget elementor-widget-text-editor\" data-id=\"7eb7c34\" data-element_type=\"widget\" data-widget_type=\"text-editor.default\">\n\t\t\t\t<div class=\"elementor-widget-container\">\n\t\t\t\t\t\t\t<p><span style=\"font-weight: 400;\">Lea atentamente estos T\u00e9rminos de uso (\u00abT\u00e9rminos\u00bb, \u00abT\u00e9rminos de uso\u00bb) antes de utilizar el https:\/\/hoteltodoblanco.com\/ sitio web (el \u00abServicio\u00bb) operado por Hotel TODOBLANCO (\u00abnosotros\u00bb, \u00abnosotros\u00bb o \u00abnuestro\u00bb).<\/span><\/p>\n<p><span style=\"font-weight: 400;\">Su acceso y uso del Servicio est\u00e1 condicionado a su aceptaci\u00f3n y cumplimiento de estos T\u00e9rminos. Estos T\u00e9rminos se aplican a todos los visitantes, usuarios y otras personas que accedan o utilicen el Servicio.<\/span><\/p>\n<p><span style=\"font-weight: 400;\">Al acceder o utilizar el Servicio, usted acepta estar sujeto a estos T\u00e9rminos. Si no est\u00e1 de acuerdo con alguna parte de los t\u00e9rminos, no podr\u00e1 acceder al Servicio.<\/span><\/p>\n<h2><b>Propiedad Intelectual<\/b><\/h2>\n<p><span style=\"font-weight: 400;\">El Servicio y su contenido original, caracter\u00edsticas y funcionalidad son y seguir\u00e1n siendo propiedad exclusiva de Hotel TODOBLANCO y sus licenciantes.<\/span><\/p>\n<h2><b>Enlaces a otros sitios web<\/b><\/h2>\n<p><span style=\"font-weight: 400;\">Nuestro Servicio puede contener enlaces a sitios web o servicios de terceros que no son propiedad ni est\u00e1n controlados por Hotel TODOBLANCO.<\/span><\/p>\n<p><span style=\"font-weight: 400;\">Hotel TODOBLANCO no tiene control sobre el contenido, las pol\u00edticas de privacidad o las pr\u00e1cticas de terceros que no tienen control sobre el contenido, las pol\u00edticas de privacidad o las pr\u00e1cticas de terceros. Adem\u00e1s, usted reconoce y acepta que Hotel TODOBLANCO no ser\u00e1 responsable, directa o indirectamente, de ning\u00fan da\u00f1o o p\u00e9rdida causado o supuestamente causado por o en relaci\u00f3n con el uso o la confianza en dicho contenido, bienes o servicios disponibles en o a trav\u00e9s de dichos sitios web o servicios.<\/span><\/p>\n<p><span style=\"font-weight: 400;\">Le recomendamos encarecidamente que lea los t\u00e9rminos y condiciones y las pol\u00edticas de privacidad de los sitios web o servicios de terceros que visite.<\/span><\/p>\n<h2><b>Terminaci\u00f3n<\/b><\/h2>\n<p><span style=\"font-weight: 400;\">Podemos cancelar o suspender el acceso a nuestro Servicio inmediatamente, sin previo aviso ni responsabilidad, por cualquier motivo, incluyendo, sin limitaci\u00f3n, si usted incumple los T\u00e9rminos.<\/span><\/p>\n<p><span style=\"font-weight: 400;\">Todas las disposiciones de los T\u00e9rminos que por su naturaleza deben sobrevivir a la terminaci\u00f3n sobrevivir\u00e1n a la terminaci\u00f3n, incluyendo, sin limitaci\u00f3n, disposiciones de propiedad, renuncias de garant\u00eda, indemnizaci\u00f3n y limitaciones de responsabilidad.<\/span><\/p>\n<h2><b>Renuncia<\/b><\/h2>\n<p><span style=\"font-weight: 400;\">Su uso del Servicio es bajo su propio riesgo. El Servicio se proporciona \u00abTAL CUAL\u00bb y \u00abTAL CUAL\u00bb. El Servicio se proporciona sin garant\u00edas de ning\u00fan tipo, ya sean expresas o impl\u00edcitas, incluidas, entre otras, garant\u00edas impl\u00edcitas de comerciabilidad, idoneidad para un prop\u00f3sito particular, no infracci\u00f3n o curso de rendimiento.<\/span><\/p>\n<h2><b>Ley aplicable<\/b><\/h2>\n<p><span style=\"font-weight: 400;\">Estos T\u00e9rminos se regir\u00e1n e interpretar\u00e1n de acuerdo con las leyes de la Rep\u00fablica Dominicana sin tener en cuenta sus disposiciones sobre conflictos de leyes.<\/span><\/p>\n<p><span style=\"font-weight: 400;\">Nuestro incumplimiento de cualquier derecho o disposici\u00f3n de estos T\u00e9rminos no se considerar\u00e1 una renuncia a esos derechos. Si alguna disposici\u00f3n de estos T\u00e9rminos es considerada inv\u00e1lida o inaplicable por un tribunal, las disposiciones restantes de estos T\u00e9rminos permanecer\u00e1n en vigor. Estos T\u00e9rminos constituyen el acuerdo completo entre nosotros con respecto a nuestro Servicio, y reemplazan y reemplazan cualquier acuerdo anterior que podamos tener entre nosotros con respecto al Servicio.<\/span><\/p>\n<h2><b>Cambios<\/b><\/h2>\n<p><span style=\"font-weight: 400;\">Nos reservamos el derecho, a nuestra entera discreci\u00f3n, de modificar o reemplazar estos T\u00e9rminos en cualquier momento. Si una revisi\u00f3n es material, intentaremos proporcionar al menos 15 d\u00edas de aviso antes de que los nuevos t\u00e9rminos entren en vigor. Lo que constituye un cambio material se determinar\u00e1 a nuestra entera discreci\u00f3n.<\/span><\/p>\n<p><span style=\"font-weight: 400;\">Al continuar accediendo o utilizando nuestro Servicio despu\u00e9s de que dichas revisiones entren en vigor, usted acepta estar sujeto a los t\u00e9rminos revisados. Si no est\u00e1 de acuerdo con los nuevos t\u00e9rminos, deje de usar el Servicio.<\/span><\/p>\n<h2><b>Cont\u00e1ctenos<\/b><\/h2>\n<p><span style=\"font-weight: 400;\">Si tiene alguna pregunta sobre estos T\u00e9rminos, p\u00f3ngase en contacto con nosotros.<\/span><\/p>\n\t\t\t\t\t\t<\/div>\n\t\t\t\t<\/div>\n\t\t\t\t\t<\/div>\n\t\t<\/div>\n\t\t\t\t\t<\/div>\n\t\t<\/section>\n\t\t\t\t<\/div>\n\t\t","protected":false},"excerpt":{"rendered":"<p>Please read these Terms of Use (\u00abTerms\u00bb, \u00abTerms of Use\u00bb) carefully before using the https:\/\/hoteltodoblanco.com\/ website (the \u00abService\u00bb) operated by Hotel TODOBLANCO (\u00abus\u00bb, \u00abwe\u00bb, or \u00abour\u00bb). Your access to and use of the Service is conditioned on your acceptance of and compliance with these Terms. These Terms apply to all visitors, users and others who [&hellip;]<\/p>\n","protected":false},"author":1,"featured_media":0,"parent":0,"menu_order":0,"comment_status":"closed","ping_status":"closed","template":"","meta":{"footnotes":""},"class_list":["post-337","page","type-page","status-publish","hentry"],"yoast_head":"<!-- This site is optimized with the Yoast SEO plugin v23.8 - https:\/\/yoast.com\/wordpress\/plugins\/seo\/ -->\n<title>T\u00e9rminos y condiciones - Hotel TODOBLANCO<\/title>\n<meta name=\"robots\" content=\"noindex, nofollow\" \/>\n<meta property=\"og:locale\" content=\"es_ES\" \/>\n<meta property=\"og:type\" content=\"article\" \/>\n<meta property=\"og:title\" content=\"T\u00e9rminos y condiciones - Hotel TODOBLANCO\" \/>\n<meta property=\"og:description\" content=\"Please read these Terms of Use (\u00abTerms\u00bb, \u00abTerms of Use\u00bb) carefully before using the https:\/\/hoteltodoblanco.com\/ website (the \u00abService\u00bb) operated by Hotel TODOBLANCO (\u00abus\u00bb, \u00abwe\u00bb, or \u00abour\u00bb). Your access to and use of the Service is conditioned on your acceptance of and compliance with these Terms. These Terms apply to all visitors, users and others who [&hellip;]\" \/>\n<meta property=\"og:url\" content=\"https:\/\/hoteltodoblanco.com\/es\/terminos-y-condiciones-2\/\" \/>\n<meta property=\"og:site_name\" content=\"Hotel TODOBLANCO\" \/>\n<meta property=\"article:modified_time\" content=\"2020-10-03T17:35:42+00:00\" \/>\n<meta name=\"twitter:card\" content=\"summary_large_image\" \/>\n<meta name=\"twitter:label1\" content=\"Tiempo de lectura\" \/>\n\t<meta name=\"twitter:data1\" content=\"3 minutos\" \/>\n<script type=\"application\/ld+json\" class=\"yoast-schema-graph\">{\"@context\":\"https:\/\/schema.org\",\"@graph\":[{\"@type\":\"WebPage\",\"@id\":\"https:\/\/hoteltodoblanco.com\/es\/terminos-y-condiciones-2\/\",\"url\":\"https:\/\/hoteltodoblanco.com\/es\/terminos-y-condiciones-2\/\",\"name\":\"T\u00e9rminos y condiciones - Hotel TODOBLANCO\",\"isPartOf\":{\"@id\":\"https:\/\/hoteltodoblanco.com\/es\/#website\"},\"datePublished\":\"2020-10-03T15:39:04+00:00\",\"dateModified\":\"2020-10-03T17:35:42+00:00\",\"breadcrumb\":{\"@id\":\"https:\/\/hoteltodoblanco.com\/es\/terminos-y-condiciones-2\/#breadcrumb\"},\"inLanguage\":\"es\",\"potentialAction\":[{\"@type\":\"ReadAction\",\"target\":[\"https:\/\/hoteltodoblanco.com\/es\/terminos-y-condiciones-2\/\"]}]},{\"@type\":\"BreadcrumbList\",\"@id\":\"https:\/\/hoteltodoblanco.com\/es\/terminos-y-condiciones-2\/#breadcrumb\",\"itemListElement\":[{\"@type\":\"ListItem\",\"position\":1,\"name\":\"Home\",\"item\":\"https:\/\/hoteltodoblanco.com\/es\/\"},{\"@type\":\"ListItem\",\"position\":2,\"name\":\"T\u00e9rminos y condiciones\"}]},{\"@type\":\"WebSite\",\"@id\":\"https:\/\/hoteltodoblanco.com\/es\/#website\",\"url\":\"https:\/\/hoteltodoblanco.com\/es\/\",\"name\":\"Hotel TODOBLANCO\",\"description\":\"Just another WordPress site\",\"potentialAction\":[{\"@type\":\"SearchAction\",\"target\":{\"@type\":\"EntryPoint\",\"urlTemplate\":\"https:\/\/hoteltodoblanco.com\/es\/?s={search_term_string}\"},\"query-input\":{\"@type\":\"PropertyValueSpecification\",\"valueRequired\":true,\"valueName\":\"search_term_string\"}}],\"inLanguage\":\"es\"}]}<\/script>\n<!-- \/ Yoast SEO plugin. -->","yoast_head_json":{"title":"T\u00e9rminos y condiciones - Hotel TODOBLANCO","robots":{"index":"noindex","follow":"nofollow"},"og_locale":"es_ES","og_type":"article","og_title":"T\u00e9rminos y condiciones - Hotel TODOBLANCO","og_description":"Please read these Terms of Use (\u00abTerms\u00bb, \u00abTerms of Use\u00bb) carefully before using the https:\/\/hoteltodoblanco.com\/ website (the \u00abService\u00bb) operated by Hotel TODOBLANCO (\u00abus\u00bb, \u00abwe\u00bb, or \u00abour\u00bb). Your access to and use of the Service is conditioned on your acceptance of and compliance with these Terms. These Terms apply to all visitors, users and others who [&hellip;]","og_url":"https:\/\/hoteltodoblanco.com\/es\/terminos-y-condiciones-2\/","og_site_name":"Hotel TODOBLANCO","article_modified_time":"2020-10-03T17:35:42+00:00","twitter_card":"summary_large_image","twitter_misc":{"Tiempo de lectura":"3 minutos"},"schema":{"@context":"https:\/\/schema.org","@graph":[{"@type":"WebPage","@id":"https:\/\/hoteltodoblanco.com\/es\/terminos-y-condiciones-2\/","url":"https:\/\/hoteltodoblanco.com\/es\/terminos-y-condiciones-2\/","name":"T\u00e9rminos y condiciones - Hotel TODOBLANCO","isPartOf":{"@id":"https:\/\/hoteltodoblanco.com\/es\/#website"},"datePublished":"2020-10-03T15:39:04+00:00","dateModified":"2020-10-03T17:35:42+00:00","breadcrumb":{"@id":"https:\/\/hoteltodoblanco.com\/es\/terminos-y-condiciones-2\/#breadcrumb"},"inLanguage":"es","potentialAction":[{"@type":"ReadAction","target":["https:\/\/hoteltodoblanco.com\/es\/terminos-y-condiciones-2\/"]}]},{"@type":"BreadcrumbList","@id":"https:\/\/hoteltodoblanco.com\/es\/terminos-y-condiciones-2\/#breadcrumb","itemListElement":[{"@type":"ListItem","position":1,"name":"Home","item":"https:\/\/hoteltodoblanco.com\/es\/"},{"@type":"ListItem","position":2,"name":"T\u00e9rminos y condiciones"}]},{"@type":"WebSite","@id":"https:\/\/hoteltodoblanco.com\/es\/#website","url":"https:\/\/hoteltodoblanco.com\/es\/","name":"Hotel TODOBLANCO","description":"Just another WordPress site","potentialAction":[{"@type":"SearchAction","target":{"@type":"EntryPoint","urlTemplate":"https:\/\/hoteltodoblanco.com\/es\/?s={search_term_string}"},"query-input":{"@type":"PropertyValueSpecification","valueRequired":true,"valueName":"search_term_string"}}],"inLanguage":"es"}]}},"_links":{"self":[{"href":"https:\/\/hoteltodoblanco.com\/es\/wp-json\/wp\/v2\/pages\/337","targetHints":{"allow":["GET"]}}],"collection":[{"href":"https:\/\/hoteltodoblanco.com\/es\/wp-json\/wp\/v2\/pages"}],"about":[{"href":"https:\/\/hoteltodoblanco.com\/es\/wp-json\/wp\/v2\/types\/page"}],"author":[{"embeddable":true,"href":"https:\/\/hoteltodoblanco.com\/es\/wp-json\/wp\/v2\/users\/1"}],"replies":[{"embeddable":true,"href":"https:\/\/hoteltodoblanco.com\/es\/wp-json\/wp\/v2\/comments?post=337"}],"version-history":[{"count":0,"href":"https:\/\/hoteltodoblanco.com\/es\/wp-json\/wp\/v2\/pages\/337\/revisions"}],"wp:attachment":[{"href":"https:\/\/hoteltodoblanco.com\/es\/wp-json\/wp\/v2\/media?parent=337"}],"curies":[{"name":"wp","href":"https:\/\/api.w.org\/{rel}","templated":true}]}}