{"id":331,"date":"2020-10-03T16:38:07","date_gmt":"2020-10-03T15:38:07","guid":{"rendered":"https:\/\/hoteltodoblanco.com\/politica-de-privacidad\/"},"modified":"2020-10-03T18:34:36","modified_gmt":"2020-10-03T17:34:36","slug":"politica-de-privacidad","status":"publish","type":"page","link":"https:\/\/hoteltodoblanco.com\/es\/politica-de-privacidad\/","title":{"rendered":"Pol\u00edtica de privacidad"},"content":{"rendered":"\t\t<div data-elementor-type=\"wp-page\" data-elementor-id=\"331\" class=\"elementor elementor-331 elementor-316\">\n\t\t\t\t\t\t<section class=\"elementor-section elementor-top-section elementor-element elementor-element-3f8c75bc elementor-section-stretched elementor-section-boxed elementor-section-height-default elementor-section-height-default\" data-id=\"3f8c75bc\" data-element_type=\"section\" data-settings=\"{&quot;stretch_section&quot;:&quot;section-stretched&quot;}\">\n\t\t\t\t\t\t<div class=\"elementor-container elementor-column-gap-default\">\n\t\t\t\t\t<div class=\"elementor-column elementor-col-100 elementor-top-column elementor-element elementor-element-54ffa4cf\" data-id=\"54ffa4cf\" data-element_type=\"column\">\n\t\t\t<div class=\"elementor-widget-wrap elementor-element-populated\">\n\t\t\t\t\t\t<div class=\"elementor-element elementor-element-4d7a1a00 elementor-widget elementor-widget-text-editor\" data-id=\"4d7a1a00\" data-element_type=\"widget\" data-widget_type=\"text-editor.default\">\n\t\t\t\t<div class=\"elementor-widget-container\">\n\t\t\t\t\t\t\t<p><span style=\"font-weight: 400;\">Hotel TODOBLANCO (\u00abnosotros\u00bb, \u00abnosotros\u00bb o \u00abnuestro\u00bb) opera el sitio web del Hotel TODOBLANCO (el \u00abServicio\u00bb).<\/span><\/p>\n<p><span style=\"font-weight: 400;\">Esta p\u00e1gina le informa de nuestras pol\u00edticas con respecto a la recopilaci\u00f3n, uso y divulgaci\u00f3n de Informaci\u00f3n Personal cuando utiliza nuestro Servicio.<\/span><\/p>\n<p><span style=\"font-weight: 400;\">No usaremos ni compartiremos su informaci\u00f3n con nadie excepto como se describe en esta Pol\u00edtica de privacidad.<\/span><\/p>\n<p><span style=\"font-weight: 400;\">Utilizamos su informaci\u00f3n personal para proporcionar y mejorar el Servicio. Al utilizar el Servicio, usted acepta la recopilaci\u00f3n y el uso de informaci\u00f3n de acuerdo con esta pol\u00edtica. A menos que se defina lo contrario en esta Pol\u00edtica de Privacidad, los t\u00e9rminos utilizados en esta Pol\u00edtica de Privacidad tienen los mismos significados que en nuestros T\u00e9rminos y Condiciones, accesibles en https:\/\/hoteltodoblanco.com<\/span><\/p>\n<h2><b>Recopilaci\u00f3n y uso de informaci\u00f3n<\/b><\/h2>\n<p><span style=\"font-weight: 400;\">Durante el uso de nuestro Servicio, es posible que le pidamos que nos proporcione cierta informaci\u00f3n de identificaci\u00f3n personal que se puede utilizar para ponerse en contacto con usted o identificarlo. La informaci\u00f3n de identificaci\u00f3n personal (\u00abInformaci\u00f3n Personal\u00bb) puede incluir, pero no se limita a:<\/span><\/p>\n<ul>\n<li style=\"font-weight: 400;\"><span style=\"font-weight: 400;\">Nombre<\/span><\/li>\n<li style=\"font-weight: 400;\"><span style=\"font-weight: 400;\">Direcci\u00f3n de correo electr\u00f3nico<\/span><\/li>\n<li style=\"font-weight: 400;\"><span style=\"font-weight: 400;\">N\u00famero de tel\u00e9fono<\/span><\/li>\n<\/ul>\n<h2><b>Datos de registro<\/b><\/h2>\n<p><span style=\"font-weight: 400;\">Recopilamos informaci\u00f3n que su navegador env\u00eda cada vez que visita nuestro Servicio (\u00abDatos de registro\u00bb). Estos Datos de registro pueden incluir informaci\u00f3n como la direcci\u00f3n del Protocolo de Internet (\u00abIP\u00bb) de su computadora, el tipo de navegador, la versi\u00f3n del navegador, las p\u00e1ginas de nuestro Servicio que visita, la hora y fecha de su visita, el tiempo dedicado a esas p\u00e1ginas y otras estad\u00edsticas.<\/span><\/p>\n<h2><b>Cookies<\/b><\/h2>\n<p><span style=\"font-weight: 400;\">Las cookies son archivos con una peque\u00f1a cantidad de datos, que pueden incluir un identificador \u00fanico an\u00f3nimo. Las cookies se env\u00edan a su navegador desde un sitio web y se almacenan en el disco duro de su ordenador.<\/span><\/p>\n<p><span style=\"font-weight: 400;\">Utilizamos \u00abcookies\u00bb para recopilar informaci\u00f3n. Puede indicar a su navegador que rechace todas las cookies o que indique cu\u00e1ndo se env\u00eda una cookie. Sin embargo, si no acepta las cookies, es posible que no pueda utilizar algunas partes de nuestro Servicio.<\/span><\/p>\n<h2><b>Proveedores de servicios<\/b><\/h2>\n<p><span style=\"font-weight: 400;\">Podemos emplear a terceras empresas e individuos para facilitar nuestro Servicio, para proporcionar el Servicio en nuestro nombre, para realizar servicios relacionados con el Servicio o para ayudarnos a analizar c\u00f3mo se utiliza nuestro Servicio.<\/span><\/p>\n<p><span style=\"font-weight: 400;\">Estos terceros tienen acceso a su Informaci\u00f3n Personal solo para realizar estas tareas en nuestro nombre y est\u00e1n obligados a no divulgarla ni utilizarla para ning\u00fan otro prop\u00f3sito.<\/span><\/p>\n<h2><b>Seguridad<\/b><\/h2>\n<p><span style=\"font-weight: 400;\">La seguridad de su informaci\u00f3n personal es importante para nosotros, pero recuerde que ning\u00fan m\u00e9todo de transmisi\u00f3n a trav\u00e9s de Internet, o m\u00e9todo de almacenamiento electr\u00f3nico es 100% seguro. Aunque nos esforzamos por utilizar medios comercialmente aceptables para proteger su informaci\u00f3n personal, no podemos garantizar su seguridad absoluta.<\/span><\/p>\n<h2><b>Enlaces a otros sitios<\/b><\/h2>\n<p><span style=\"font-weight: 400;\">Nuestro Servicio puede contener enlaces a otros sitios que no son operados por nosotros. Si hace clic en un enlace de terceros, se le dirigir\u00e1 al sitio de ese tercero. Le recomendamos encarecidamente que revise la Pol\u00edtica de privacidad de cada sitio que visite.<\/span><\/p>\n<p><span style=\"font-weight: 400;\">No tenemos control ni asumimos ninguna responsabilidad por el contenido, las pol\u00edticas de privacidad o las pr\u00e1cticas de los sitios o servicios de terceros.<\/span><\/p>\n<h2><b>Privacidad de los ni\u00f1os<\/b><\/h2>\n<p><span style=\"font-weight: 400;\">Nuestro Servicio no se dirige a menores de 18 a\u00f1os (\u00abNi\u00f1os\u00bb).<\/span><\/p>\n<p><span style=\"font-weight: 400;\">No recopilamos a sabiendas informaci\u00f3n de identificaci\u00f3n personal de ni\u00f1os menores de 18 a\u00f1os. Si usted es un padre o tutor y sabe que su hijo nos ha proporcionado Informaci\u00f3n Personal, p\u00f3ngase en contacto con nosotros. Si descubrimos que un ni\u00f1o menor de 18 a\u00f1os nos ha proporcionado Informaci\u00f3n Personal, eliminaremos dicha informaci\u00f3n de nuestros servidores inmediatamente.<\/span><\/p>\n<h2><b>Cumplimiento de las leyes<\/b><\/h2>\n<p><span style=\"font-weight: 400;\">Divulgaremos su Informaci\u00f3n Personal cuando as\u00ed lo exija la ley o la citaci\u00f3n.<\/span><\/p>\n<h2><b>Cambios a esta Pol\u00edtica de Privacidad<\/b><\/h2>\n<p><span style=\"font-weight: 400;\">Podemos actualizar nuestra Pol\u00edtica de privacidad de vez en cuando. Le notificaremos de cualquier cambio publicando la nueva Pol\u00edtica de Privacidad en esta p\u00e1gina.<\/span><\/p>\n<p><span style=\"font-weight: 400;\">Se recomienda revisar esta Pol\u00edtica de Privacidad peri\u00f3dicamente para cualquier cambio. Los cambios a esta Pol\u00edtica de Privacidad son efectivos cuando se publican en esta p\u00e1gina.<\/span><\/p>\n<h2><b>Cont\u00e1ctenos<\/b><\/h2>\n<p><span style=\"font-weight: 400;\">Si tiene alguna pregunta sobre esta Pol\u00edtica de privacidad, p\u00f3ngase en contacto con nosotros.<\/span><\/p>\n\t\t\t\t\t\t<\/div>\n\t\t\t\t<\/div>\n\t\t\t\t\t<\/div>\n\t\t<\/div>\n\t\t\t\t\t<\/div>\n\t\t<\/section>\n\t\t\t\t<\/div>\n\t\t","protected":false},"excerpt":{"rendered":"<p>Hotel TODOBLANCO (\u00abnosotros\u00bb, \u00abnosotros\u00bb o \u00abnuestro\u00bb) opera el sitio web del Hotel TODOBLANCO (el \u00abServicio\u00bb). Esta p\u00e1gina le informa de nuestras pol\u00edticas con respecto a la recopilaci\u00f3n, uso y divulgaci\u00f3n de Informaci\u00f3n Personal cuando utiliza nuestro Servicio. No usaremos ni compartiremos su informaci\u00f3n con nadie excepto como se describe en esta Pol\u00edtica de privacidad. Utilizamos [&hellip;]<\/p>\n","protected":false},"author":1,"featured_media":0,"parent":0,"menu_order":0,"comment_status":"closed","ping_status":"closed","template":"","meta":{"footnotes":""},"class_list":["post-331","page","type-page","status-publish","hentry"],"yoast_head":"<!-- This site is optimized with the Yoast SEO plugin v23.8 - https:\/\/yoast.com\/wordpress\/plugins\/seo\/ -->\n<title>Pol\u00edtica de privacidad - Hotel TODOBLANCO<\/title>\n<meta name=\"robots\" content=\"noindex, nofollow\" \/>\n<meta property=\"og:locale\" content=\"es_ES\" \/>\n<meta property=\"og:type\" content=\"article\" \/>\n<meta property=\"og:title\" content=\"Pol\u00edtica de privacidad - Hotel TODOBLANCO\" \/>\n<meta property=\"og:description\" content=\"Hotel TODOBLANCO (\u00abnosotros\u00bb, \u00abnosotros\u00bb o \u00abnuestro\u00bb) opera el sitio web del Hotel TODOBLANCO (el \u00abServicio\u00bb). Esta p\u00e1gina le informa de nuestras pol\u00edticas con respecto a la recopilaci\u00f3n, uso y divulgaci\u00f3n de Informaci\u00f3n Personal cuando utiliza nuestro Servicio. No usaremos ni compartiremos su informaci\u00f3n con nadie excepto como se describe en esta Pol\u00edtica de privacidad. Utilizamos [&hellip;]\" \/>\n<meta property=\"og:url\" content=\"https:\/\/hoteltodoblanco.com\/es\/politica-de-privacidad\/\" \/>\n<meta property=\"og:site_name\" content=\"Hotel TODOBLANCO\" \/>\n<meta property=\"article:modified_time\" content=\"2020-10-03T17:34:36+00:00\" \/>\n<meta name=\"twitter:card\" content=\"summary_large_image\" \/>\n<meta name=\"twitter:label1\" content=\"Tiempo de lectura\" \/>\n\t<meta name=\"twitter:data1\" content=\"4 minutos\" \/>\n<script type=\"application\/ld+json\" class=\"yoast-schema-graph\">{\"@context\":\"https:\/\/schema.org\",\"@graph\":[{\"@type\":\"WebPage\",\"@id\":\"https:\/\/hoteltodoblanco.com\/es\/politica-de-privacidad\/\",\"url\":\"https:\/\/hoteltodoblanco.com\/es\/politica-de-privacidad\/\",\"name\":\"Pol\u00edtica de privacidad - Hotel TODOBLANCO\",\"isPartOf\":{\"@id\":\"https:\/\/hoteltodoblanco.com\/es\/#website\"},\"datePublished\":\"2020-10-03T15:38:07+00:00\",\"dateModified\":\"2020-10-03T17:34:36+00:00\",\"breadcrumb\":{\"@id\":\"https:\/\/hoteltodoblanco.com\/es\/politica-de-privacidad\/#breadcrumb\"},\"inLanguage\":\"es\",\"potentialAction\":[{\"@type\":\"ReadAction\",\"target\":[\"https:\/\/hoteltodoblanco.com\/es\/politica-de-privacidad\/\"]}]},{\"@type\":\"BreadcrumbList\",\"@id\":\"https:\/\/hoteltodoblanco.com\/es\/politica-de-privacidad\/#breadcrumb\",\"itemListElement\":[{\"@type\":\"ListItem\",\"position\":1,\"name\":\"Home\",\"item\":\"https:\/\/hoteltodoblanco.com\/es\/\"},{\"@type\":\"ListItem\",\"position\":2,\"name\":\"Pol\u00edtica de privacidad\"}]},{\"@type\":\"WebSite\",\"@id\":\"https:\/\/hoteltodoblanco.com\/es\/#website\",\"url\":\"https:\/\/hoteltodoblanco.com\/es\/\",\"name\":\"Hotel TODOBLANCO\",\"description\":\"Just another WordPress site\",\"potentialAction\":[{\"@type\":\"SearchAction\",\"target\":{\"@type\":\"EntryPoint\",\"urlTemplate\":\"https:\/\/hoteltodoblanco.com\/es\/?s={search_term_string}\"},\"query-input\":{\"@type\":\"PropertyValueSpecification\",\"valueRequired\":true,\"valueName\":\"search_term_string\"}}],\"inLanguage\":\"es\"}]}<\/script>\n<!-- \/ Yoast SEO plugin. -->","yoast_head_json":{"title":"Pol\u00edtica de privacidad - Hotel TODOBLANCO","robots":{"index":"noindex","follow":"nofollow"},"og_locale":"es_ES","og_type":"article","og_title":"Pol\u00edtica de privacidad - Hotel TODOBLANCO","og_description":"Hotel TODOBLANCO (\u00abnosotros\u00bb, \u00abnosotros\u00bb o \u00abnuestro\u00bb) opera el sitio web del Hotel TODOBLANCO (el \u00abServicio\u00bb). Esta p\u00e1gina le informa de nuestras pol\u00edticas con respecto a la recopilaci\u00f3n, uso y divulgaci\u00f3n de Informaci\u00f3n Personal cuando utiliza nuestro Servicio. No usaremos ni compartiremos su informaci\u00f3n con nadie excepto como se describe en esta Pol\u00edtica de privacidad. Utilizamos [&hellip;]","og_url":"https:\/\/hoteltodoblanco.com\/es\/politica-de-privacidad\/","og_site_name":"Hotel TODOBLANCO","article_modified_time":"2020-10-03T17:34:36+00:00","twitter_card":"summary_large_image","twitter_misc":{"Tiempo de lectura":"4 minutos"},"schema":{"@context":"https:\/\/schema.org","@graph":[{"@type":"WebPage","@id":"https:\/\/hoteltodoblanco.com\/es\/politica-de-privacidad\/","url":"https:\/\/hoteltodoblanco.com\/es\/politica-de-privacidad\/","name":"Pol\u00edtica de privacidad - Hotel TODOBLANCO","isPartOf":{"@id":"https:\/\/hoteltodoblanco.com\/es\/#website"},"datePublished":"2020-10-03T15:38:07+00:00","dateModified":"2020-10-03T17:34:36+00:00","breadcrumb":{"@id":"https:\/\/hoteltodoblanco.com\/es\/politica-de-privacidad\/#breadcrumb"},"inLanguage":"es","potentialAction":[{"@type":"ReadAction","target":["https:\/\/hoteltodoblanco.com\/es\/politica-de-privacidad\/"]}]},{"@type":"BreadcrumbList","@id":"https:\/\/hoteltodoblanco.com\/es\/politica-de-privacidad\/#breadcrumb","itemListElement":[{"@type":"ListItem","position":1,"name":"Home","item":"https:\/\/hoteltodoblanco.com\/es\/"},{"@type":"ListItem","position":2,"name":"Pol\u00edtica de privacidad"}]},{"@type":"WebSite","@id":"https:\/\/hoteltodoblanco.com\/es\/#website","url":"https:\/\/hoteltodoblanco.com\/es\/","name":"Hotel TODOBLANCO","description":"Just another WordPress site","potentialAction":[{"@type":"SearchAction","target":{"@type":"EntryPoint","urlTemplate":"https:\/\/hoteltodoblanco.com\/es\/?s={search_term_string}"},"query-input":{"@type":"PropertyValueSpecification","valueRequired":true,"valueName":"search_term_string"}}],"inLanguage":"es"}]}},"_links":{"self":[{"href":"https:\/\/hoteltodoblanco.com\/es\/wp-json\/wp\/v2\/pages\/331","targetHints":{"allow":["GET"]}}],"collection":[{"href":"https:\/\/hoteltodoblanco.com\/es\/wp-json\/wp\/v2\/pages"}],"about":[{"href":"https:\/\/hoteltodoblanco.com\/es\/wp-json\/wp\/v2\/types\/page"}],"author":[{"embeddable":true,"href":"https:\/\/hoteltodoblanco.com\/es\/wp-json\/wp\/v2\/users\/1"}],"replies":[{"embeddable":true,"href":"https:\/\/hoteltodoblanco.com\/es\/wp-json\/wp\/v2\/comments?post=331"}],"version-history":[{"count":0,"href":"https:\/\/hoteltodoblanco.com\/es\/wp-json\/wp\/v2\/pages\/331\/revisions"}],"wp:attachment":[{"href":"https:\/\/hoteltodoblanco.com\/es\/wp-json\/wp\/v2\/media?parent=331"}],"curies":[{"name":"wp","href":"https:\/\/api.w.org\/{rel}","templated":true}]}}